{"id":9455,"date":"2014-03-13T09:37:48","date_gmt":"2014-03-13T12:37:48","guid":{"rendered":"http:\/\/www.lorena.sp.gov.br\/?page_id=9455"},"modified":"2014-03-18T09:56:10","modified_gmt":"2014-03-18T12:56:10","slug":"ubs-aberta","status":"publish","type":"page","link":"http:\/\/www.lorena.sp.gov.br\/wordpress\/index.php\/ubs-aberta\/","title":{"rendered":"UBS ABERTA S\u00c1BADO BAIRRO VILA NUNES"},"content":{"rendered":"<p style=\"text-align: justify;\">No pr\u00f3ximo s\u00e1bado (22), a Unidade B\u00e1sica de Sa\u00fade da Vila Nunes ficar\u00e1 aberta \u00e0 popula\u00e7\u00e3o, de 7h \u00e0 12h.<\/p>\n<p style=\"text-align: justify;\">V\u00e3o ser oferecidos servi\u00e7os de cl\u00ednica geral, enfermagem, aplica\u00e7\u00e3o de vacinas, controle de PA e glicemia, curativos, distribui\u00e7\u00e3o de medicamentos, entre outros.<\/p>\n<p style=\"text-align: justify;\">A UBS Vila Nunes fica na Rua Jo\u00e3o Carlos Guedes, 150, Vila Nunes.<\/p>\n<p style=\"text-align: justify;\">O intuito \u00e9 atender a popula\u00e7\u00e3o que trabalha no mesmo hor\u00e1rio de funcionamento das UBS\u2019s e que, por este motivo, \u00e9 impossibilitada de buscar o servi\u00e7o de sa\u00fade.<\/p>\n<p style=\"text-align: justify;\">Ainda no m\u00eas de mar\u00e7o, a UBS CECAP ficar\u00e1 aberta\u00a0 para atendimento no s\u00e1bado, dia 29.<\/p>\n","protected":false},"excerpt":{"rendered":"<p>No pr\u00f3ximo s\u00e1bado (22), a Unidade B\u00e1sica de Sa\u00fade da Vila Nunes ficar\u00e1 aberta \u00e0 popula\u00e7\u00e3o, de 7h \u00e0 12h. V\u00e3o ser oferecidos servi\u00e7os de cl\u00ednica geral, enfermagem, aplica\u00e7\u00e3o de vacinas, controle de PA e glicemia, curativos, distribui\u00e7\u00e3o de medicamentos, entre outros. A UBS Vila Nunes fica na Rua Jo\u00e3o Carlos Guedes, 150, Vila Nunes.<\/p>\n<div class=\"read-more\"><a href=\"http:\/\/www.lorena.sp.gov.br\/wordpress\/index.php\/ubs-aberta\/\" title=\"Read More\">Read More<\/a><\/div>\n","protected":false},"author":2,"featured_media":0,"parent":0,"menu_order":0,"comment_status":"closed","ping_status":"open","template":"","meta":{"footnotes":""},"class_list":["post-9455","page","type-page","status-publish"],"_links":{"self":[{"href":"http:\/\/www.lorena.sp.gov.br\/wordpress\/index.php\/wp-json\/wp\/v2\/pages\/9455"}],"collection":[{"href":"http:\/\/www.lorena.sp.gov.br\/wordpress\/index.php\/wp-json\/wp\/v2\/pages"}],"about":[{"href":"http:\/\/www.lorena.sp.gov.br\/wordpress\/index.php\/wp-json\/wp\/v2\/types\/page"}],"author":[{"embeddable":true,"href":"http:\/\/www.lorena.sp.gov.br\/wordpress\/index.php\/wp-json\/wp\/v2\/users\/2"}],"replies":[{"embeddable":true,"href":"http:\/\/www.lorena.sp.gov.br\/wordpress\/index.php\/wp-json\/wp\/v2\/comments?post=9455"}],"version-history":[{"count":0,"href":"http:\/\/www.lorena.sp.gov.br\/wordpress\/index.php\/wp-json\/wp\/v2\/pages\/9455\/revisions"}],"wp:attachment":[{"href":"http:\/\/www.lorena.sp.gov.br\/wordpress\/index.php\/wp-json\/wp\/v2\/media?parent=9455"}],"curies":[{"name":"wp","href":"https:\/\/api.w.org\/{rel}","templated":true}]}}