{"id":66658,"date":"2022-09-28T16:27:27","date_gmt":"2022-09-28T19:27:27","guid":{"rendered":"http:\/\/www.lorena.sp.gov.br\/wordpress\/?page_id=66658"},"modified":"2022-09-28T16:27:27","modified_gmt":"2022-09-28T19:27:27","slug":"alteracao-temporaria-nas-linhas-de-onibus-em-lorena","status":"publish","type":"page","link":"http:\/\/www.lorena.sp.gov.br\/wordpress\/index.php\/alteracao-temporaria-nas-linhas-de-onibus-em-lorena\/","title":{"rendered":"Altera\u00e7\u00e3o tempor\u00e1ria nas linhas de \u00f4nibus em Lorena"},"content":{"rendered":"<p><span style=\"color: #000000;\">Devido \u00e0 interdi\u00e7\u00e3o na ponte da Rua Padre Jo\u00e3o Renaudin, a partir de 28\/09\/2022, todas as linhas de \u00f4nibus da P\u00e1ssaro Marron, Sampaio e Cometa, ter\u00e3o o itiner\u00e1rio das linhas de \u00f4nibus temporariamente alterado, conforme consta abaixo:<\/span><\/p>\n<div style=\"background-color: #092749; padding: 20px 15px; margin-bottom: 10px; margin-top: 20px;\"><strong><a style=\"font-size: 17px; color: #fff;\">COMETA &#8211; BR 116\/Lorena<\/a><\/strong><\/div>\n<p><a href=\"http:\/\/www.lorena.sp.gov.br\/wordpress\/wp-content\/uploads\/2022\/09\/cometa.png\"><img loading=\"lazy\" decoding=\"async\" class=\"aligncenter size-full wp-image-66659\" src=\"http:\/\/www.lorena.sp.gov.br\/wordpress\/wp-content\/uploads\/2022\/09\/cometa.png\" alt=\"cometa\" width=\"961\" height=\"661\" \/><\/a><\/p>\n<div style=\"background-color: #092749; padding: 20px 15px; margin-bottom: 10px; margin-top: 20px;\"><span style=\"color: #ffffff;\"><span style=\"font-size: 17px;\"><b>P\u00c1SSARO MARRON &#8211; Cachoeira Paulista\/Lorena<\/b><\/span><\/span><\/div>\n<p><img loading=\"lazy\" decoding=\"async\" class=\"aligncenter size-full wp-image-66660\" src=\"http:\/\/www.lorena.sp.gov.br\/wordpress\/wp-content\/uploads\/2022\/09\/cachoeira.png\" alt=\"cachoeira\" width=\"961\" height=\"615\" \/><\/p>\n<div style=\"background-color: #092749; padding: 20px 15px; margin-bottom: 10px; margin-top: 20px;\"><strong><a style=\"font-size: 17px; color: #fff;\"><b>P\u00c1SSARO MARRON &#8211; Guaratinguet\u00e1\/Lorena<\/b><\/a><\/strong><\/div>\n<p><img loading=\"lazy\" decoding=\"async\" class=\"aligncenter size-full wp-image-66661\" src=\"http:\/\/www.lorena.sp.gov.br\/wordpress\/wp-content\/uploads\/2022\/09\/guaratingueta.png\" alt=\"guaratingueta\" width=\"962\" height=\"668\" \/><\/p>\n<div style=\"background-color: #092749; padding: 20px 15px; margin-bottom: 10px; margin-top: 20px;\"><strong><a style=\"font-size: 17px; color: #fff;\"><b>P\u00c1SSARO MARRON &#8211; Piquete\/Lorena<\/b><\/a><\/strong><\/div>\n<p><a href=\"http:\/\/www.lorena.sp.gov.br\/wordpress\/wp-content\/uploads\/2022\/09\/piquete.png\"><img loading=\"lazy\" decoding=\"async\" class=\"aligncenter size-full wp-image-66663\" src=\"http:\/\/www.lorena.sp.gov.br\/wordpress\/wp-content\/uploads\/2022\/09\/piquete.png\" alt=\"piquete\" width=\"867\" height=\"847\" \/><\/a><\/p>\n<p><a href=\"http:\/\/www.lorena.sp.gov.br\/wordpress\/wp-content\/uploads\/2022\/09\/piquete-2.png\"><img loading=\"lazy\" decoding=\"async\" class=\"aligncenter size-full wp-image-66662\" src=\"http:\/\/www.lorena.sp.gov.br\/wordpress\/wp-content\/uploads\/2022\/09\/piquete-2.png\" alt=\"piquete 2\" width=\"868\" height=\"748\" \/><\/a><\/p>\n<div style=\"background-color: #092749; padding: 20px 15px; margin-bottom: 10px; margin-top: 20px;\"><strong><a style=\"font-size: 17px; color: #fff;\">SAMPAIO\u00a0&#8211; BR 116\/Lorena<\/a><\/strong><\/div>\n<p><img loading=\"lazy\" decoding=\"async\" class=\"aligncenter size-full wp-image-66664\" src=\"http:\/\/www.lorena.sp.gov.br\/wordpress\/wp-content\/uploads\/2022\/09\/sampaio.png\" alt=\"sampaio\" width=\"961\" height=\"664\" \/><\/p>\n<div style=\"background-color: #092749; padding: 20px 15px; margin-bottom: 10px; margin-top: 20px;\"><strong><a style=\"font-size: 17px; color: #fff;\">P\u00c1SSARO MARRON &#8211; BR 116\/Lorena<\/a><\/strong><\/div>\n<p><a href=\"http:\/\/www.lorena.sp.gov.br\/wordpress\/wp-content\/uploads\/2022\/09\/passaro-marron-br116.png\"><img loading=\"lazy\" decoding=\"async\" class=\"aligncenter size-full wp-image-66665\" src=\"http:\/\/www.lorena.sp.gov.br\/wordpress\/wp-content\/uploads\/2022\/09\/passaro-marron-br116.png\" alt=\"passaro marron br116\" width=\"963\" height=\"662\" \/><\/a><\/p>\n","protected":false},"excerpt":{"rendered":"<p>Devido \u00e0 interdi\u00e7\u00e3o na ponte da Rua Padre Jo\u00e3o Renaudin, a partir de 28\/09\/2022, todas as linhas de \u00f4nibus da P\u00e1ssaro Marron, Sampaio e Cometa, ter\u00e3o o itiner\u00e1rio das linhas de \u00f4nibus temporariamente alterado, conforme consta abaixo: COMETA &#8211; BR 116\/Lorena P\u00c1SSARO MARRON &#8211; Cachoeira Paulista\/Lorena P\u00c1SSARO MARRON &#8211; Guaratinguet\u00e1\/Lorena P\u00c1SSARO MARRON &#8211; Piquete\/Lorena SAMPAIO\u00a0&#8211;<\/p>\n<div class=\"read-more\"><a href=\"http:\/\/www.lorena.sp.gov.br\/wordpress\/index.php\/alteracao-temporaria-nas-linhas-de-onibus-em-lorena\/\" title=\"Read More\">Read More<\/a><\/div>\n","protected":false},"author":2,"featured_media":0,"parent":0,"menu_order":0,"comment_status":"open","ping_status":"open","template":"","meta":{"footnotes":""},"class_list":["post-66658","page","type-page","status-publish"],"_links":{"self":[{"href":"http:\/\/www.lorena.sp.gov.br\/wordpress\/index.php\/wp-json\/wp\/v2\/pages\/66658"}],"collection":[{"href":"http:\/\/www.lorena.sp.gov.br\/wordpress\/index.php\/wp-json\/wp\/v2\/pages"}],"about":[{"href":"http:\/\/www.lorena.sp.gov.br\/wordpress\/index.php\/wp-json\/wp\/v2\/types\/page"}],"author":[{"embeddable":true,"href":"http:\/\/www.lorena.sp.gov.br\/wordpress\/index.php\/wp-json\/wp\/v2\/users\/2"}],"replies":[{"embeddable":true,"href":"http:\/\/www.lorena.sp.gov.br\/wordpress\/index.php\/wp-json\/wp\/v2\/comments?post=66658"}],"version-history":[{"count":1,"href":"http:\/\/www.lorena.sp.gov.br\/wordpress\/index.php\/wp-json\/wp\/v2\/pages\/66658\/revisions"}],"predecessor-version":[{"id":66666,"href":"http:\/\/www.lorena.sp.gov.br\/wordpress\/index.php\/wp-json\/wp\/v2\/pages\/66658\/revisions\/66666"}],"wp:attachment":[{"href":"http:\/\/www.lorena.sp.gov.br\/wordpress\/index.php\/wp-json\/wp\/v2\/media?parent=66658"}],"curies":[{"name":"wp","href":"https:\/\/api.w.org\/{rel}","templated":true}]}}