{"id":5367,"date":"2013-10-25T13:54:41","date_gmt":"2013-10-25T16:54:41","guid":{"rendered":"http:\/\/www.lorena.sp.gov.br\/?page_id=5367"},"modified":"2013-10-25T13:58:58","modified_gmt":"2013-10-25T16:58:58","slug":"coleta-de-sangue-ubss","status":"publish","type":"page","link":"http:\/\/www.lorena.sp.gov.br\/wordpress\/index.php\/coleta-de-sangue-ubss\/","title":{"rendered":"Coleta de Sangue UBS&#8217;s"},"content":{"rendered":"<p>A coleta ser\u00e1 realizada uma vez por semana, da seguinte maneira:<\/p>\n<p>Segunda- feira \u2013 UBS Vila Nunes<br \/>\nTer\u00e7a-feira \u2013 UBS Industrial<br \/>\nQuarta-feira \u2013 UBS Bairro da Cruz<br \/>\nQuinta-feira \u2013 UBS Cecap<\/p>\n<p>Os exames precisam ser agendados nas UBS&#8217;s, das 7h \u00e0s 17h, nos seguintes endere\u00e7os:<\/p>\n<p><strong>UBS Vila Nunes<\/strong><br \/>\nRua Jo\u00e3o Carlos Guedes, 150 \u2013 Vila Nunes<br \/>\nTel: 12 &#8211; 3153-1277<\/p>\n<p><strong>UBS Bairro da Cruz<\/strong><br \/>\nRua J.A. de Almeida Gonzaga, s\/n \u2013 Bairro da Cruz<br \/>\nTel: 12 &#8211; 3153-3362<\/p>\n<p><strong>UBS Industrial<\/strong><br \/>\nRua S\u00e3o Judas Tadeu, s\/n \u2013 Industrial (EM REFORMA)<br \/>\nRua Rio de Janeiro, 228 \u2013 Industrial (ENDERE\u00c7O PROVIS\u00d3RIO)<br \/>\nTel: 12 &#8211; 3153-2812<\/p>\n<p><strong>UBS Cecap<\/strong><br \/>\nRua Paulo Marcondes de Almeida, 41 \u2013 Cecap<br \/>\nTel: 12 &#8211; 3152-1226<\/p>\n","protected":false},"excerpt":{"rendered":"<p>A coleta ser\u00e1 realizada uma vez por semana, da seguinte maneira: Segunda- feira \u2013 UBS Vila Nunes Ter\u00e7a-feira \u2013 UBS Industrial Quarta-feira \u2013 UBS Bairro da Cruz Quinta-feira \u2013 UBS Cecap Os exames precisam ser agendados nas UBS&#8217;s, das 7h \u00e0s 17h, nos seguintes endere\u00e7os: UBS Vila Nunes Rua Jo\u00e3o Carlos Guedes, 150 \u2013 Vila<\/p>\n<div class=\"read-more\"><a href=\"http:\/\/www.lorena.sp.gov.br\/wordpress\/index.php\/coleta-de-sangue-ubss\/\" title=\"Read More\">Read More<\/a><\/div>\n","protected":false},"author":2,"featured_media":0,"parent":0,"menu_order":0,"comment_status":"closed","ping_status":"open","template":"","meta":{"footnotes":""},"class_list":["post-5367","page","type-page","status-publish"],"_links":{"self":[{"href":"http:\/\/www.lorena.sp.gov.br\/wordpress\/index.php\/wp-json\/wp\/v2\/pages\/5367"}],"collection":[{"href":"http:\/\/www.lorena.sp.gov.br\/wordpress\/index.php\/wp-json\/wp\/v2\/pages"}],"about":[{"href":"http:\/\/www.lorena.sp.gov.br\/wordpress\/index.php\/wp-json\/wp\/v2\/types\/page"}],"author":[{"embeddable":true,"href":"http:\/\/www.lorena.sp.gov.br\/wordpress\/index.php\/wp-json\/wp\/v2\/users\/2"}],"replies":[{"embeddable":true,"href":"http:\/\/www.lorena.sp.gov.br\/wordpress\/index.php\/wp-json\/wp\/v2\/comments?post=5367"}],"version-history":[{"count":0,"href":"http:\/\/www.lorena.sp.gov.br\/wordpress\/index.php\/wp-json\/wp\/v2\/pages\/5367\/revisions"}],"wp:attachment":[{"href":"http:\/\/www.lorena.sp.gov.br\/wordpress\/index.php\/wp-json\/wp\/v2\/media?parent=5367"}],"curies":[{"name":"wp","href":"https:\/\/api.w.org\/{rel}","templated":true}]}}