{"id":23031,"date":"2015-08-24T09:57:09","date_gmt":"2015-08-24T12:57:09","guid":{"rendered":"http:\/\/www.lorena.sp.gov.br\/wordpress\/?page_id=23031"},"modified":"2015-08-24T09:57:09","modified_gmt":"2015-08-24T12:57:09","slug":"comerciario-x-shopping-2","status":"publish","type":"page","link":"http:\/\/www.lorena.sp.gov.br\/wordpress\/index.php\/comerciario-x-shopping-2\/","title":{"rendered":"COMERCI\u00c1RIO X SHOPPING"},"content":{"rendered":"<table width=\"676\">\n<tbody>\n<tr>\n<td colspan=\"2\" width=\"225\">\n<p style=\"text-align: center;\"><strong>DIAS \u00daTEIS<\/strong><\/p>\n<\/td>\n<td style=\"text-align: center;\" colspan=\"2\" width=\"225\"><strong>S\u00c1BADOS<\/strong><\/td>\n<td style=\"text-align: center;\" colspan=\"2\" width=\"225\"><strong>DOMINGO\/FERIADO<\/strong><\/td>\n<\/tr>\n<tr>\n<td style=\"text-align: center;\" width=\"113\"><strong>COMERCI\u00c1RIO<\/strong><\/td>\n<td style=\"text-align: center;\" width=\"113\"><strong>SHOPPING<\/strong><\/td>\n<td style=\"text-align: center;\" width=\"113\"><strong>COMERCI\u00c1RIO<\/strong><\/td>\n<td style=\"text-align: center;\" width=\"113\"><strong>SHOPPING<\/strong><\/td>\n<td style=\"text-align: center;\" width=\"113\"><strong>COMERCI\u00c1RIO<\/strong><\/td>\n<td width=\"113\">\n<p style=\"text-align: center;\"><strong>SHOPPING<\/strong><\/p>\n<\/td>\n<\/tr>\n<tr>\n<td width=\"113\">\n<p style=\"text-align: center;\">06:25<\/p>\n<p style=\"text-align: center;\">08:25<\/p>\n<p style=\"text-align: center;\">09:25<\/p>\n<p style=\"text-align: center;\">10:25<\/p>\n<p style=\"text-align: center;\">11:25<\/p>\n<p style=\"text-align: center;\">12:25<\/p>\n<p style=\"text-align: center;\">13:25<\/p>\n<p style=\"text-align: center;\">14:25<\/p>\n<p style=\"text-align: center;\">15:25<\/p>\n<p style=\"text-align: center;\">16:25<\/p>\n<p style=\"text-align: center;\">17:25<\/p>\n<p style=\"text-align: center;\">18:25<\/p>\n<p style=\"text-align: center;\">19:25<\/p>\n<p style=\"text-align: center;\">20:25<\/p>\n<p style=\"text-align: center;\">22:25<\/p>\n<\/td>\n<td style=\"text-align: center;\" width=\"113\">06:50<\/p>\n<p>09:00<\/p>\n<p>10:00<\/p>\n<p>11:00<\/p>\n<p>12:00<\/p>\n<p>13:00<\/p>\n<p>14:00<\/p>\n<p>15:00<\/p>\n<p>16:00<\/p>\n<p>17:00<\/p>\n<p>18:00<\/p>\n<p>19:00<\/p>\n<p>20:00<\/p>\n<p>22:00<\/td>\n<td style=\"text-align: center;\" width=\"113\">07:25<\/p>\n<p>08:25<\/p>\n<p>09:25<\/p>\n<p>10:25<\/p>\n<p>11:25<\/p>\n<p>12:25<\/p>\n<p>13:25<\/p>\n<p>14:25<\/td>\n<td style=\"text-align: center;\" width=\"113\">08:00<\/p>\n<p>09:00<\/p>\n<p>10:00<\/p>\n<p>11:00<\/p>\n<p>12:00<\/p>\n<p>13:00<\/p>\n<p>14:00<\/td>\n<td style=\"text-align: center;\" width=\"113\">07:25<\/p>\n<p>08:25<\/p>\n<p>09:25<\/p>\n<p>10:25<\/p>\n<p>11:25<\/p>\n<p>12:25<\/p>\n<p>13:25<\/p>\n<p>14:25<\/td>\n<td style=\"text-align: center;\" width=\"113\">08:00<\/p>\n<p>09:00<\/p>\n<p>10:00<\/p>\n<p>11:00<\/p>\n<p>12:00<\/p>\n<p>13:00<\/p>\n<p>14:00<\/td>\n<\/tr>\n<\/tbody>\n<\/table>\n","protected":false},"excerpt":{"rendered":"<p>DIAS \u00daTEIS S\u00c1BADOS DOMINGO\/FERIADO COMERCI\u00c1RIO SHOPPING COMERCI\u00c1RIO SHOPPING COMERCI\u00c1RIO SHOPPING 06:25 08:25 09:25 10:25 11:25 12:25 13:25 14:25 15:25 16:25 17:25 18:25 19:25 20:25 22:25 06:50 09:00 10:00 11:00 12:00 13:00 14:00 15:00 16:00 17:00 18:00 19:00 20:00 22:00 07:25 08:25 09:25 10:25 11:25 12:25 13:25 14:25 08:00 09:00 10:00 11:00 12:00 13:00 14:00 07:25<\/p>\n<div class=\"read-more\"><a href=\"http:\/\/www.lorena.sp.gov.br\/wordpress\/index.php\/comerciario-x-shopping-2\/\" title=\"Read More\">Read More<\/a><\/div>\n","protected":false},"author":2,"featured_media":0,"parent":0,"menu_order":0,"comment_status":"open","ping_status":"open","template":"","meta":{"footnotes":""},"class_list":["post-23031","page","type-page","status-publish"],"_links":{"self":[{"href":"http:\/\/www.lorena.sp.gov.br\/wordpress\/index.php\/wp-json\/wp\/v2\/pages\/23031"}],"collection":[{"href":"http:\/\/www.lorena.sp.gov.br\/wordpress\/index.php\/wp-json\/wp\/v2\/pages"}],"about":[{"href":"http:\/\/www.lorena.sp.gov.br\/wordpress\/index.php\/wp-json\/wp\/v2\/types\/page"}],"author":[{"embeddable":true,"href":"http:\/\/www.lorena.sp.gov.br\/wordpress\/index.php\/wp-json\/wp\/v2\/users\/2"}],"replies":[{"embeddable":true,"href":"http:\/\/www.lorena.sp.gov.br\/wordpress\/index.php\/wp-json\/wp\/v2\/comments?post=23031"}],"version-history":[{"count":0,"href":"http:\/\/www.lorena.sp.gov.br\/wordpress\/index.php\/wp-json\/wp\/v2\/pages\/23031\/revisions"}],"wp:attachment":[{"href":"http:\/\/www.lorena.sp.gov.br\/wordpress\/index.php\/wp-json\/wp\/v2\/media?parent=23031"}],"curies":[{"name":"wp","href":"https:\/\/api.w.org\/{rel}","templated":true}]}}