{"id":21387,"date":"2015-06-30T13:13:33","date_gmt":"2015-06-30T16:13:33","guid":{"rendered":"http:\/\/www.lorena.sp.gov.br\/?page_id=21387"},"modified":"2017-02-20T14:49:31","modified_gmt":"2017-02-20T17:49:31","slug":"horario-de-onibus-lorena-2","status":"publish","type":"page","link":"http:\/\/www.lorena.sp.gov.br\/wordpress\/index.php\/horario-de-onibus-lorena-2\/","title":{"rendered":"Hor\u00e1rio de \u00f4nibus (Lorena)"},"content":{"rendered":"<p><b><br \/>\nRODOVI\u00c1RIA X BAIRRO DA CRUZ<br \/>\n<\/b><\/p>\n<table width=\"662\">\n<tbody>\n<tr>\n<td style=\"text-align: center;\" colspan=\"2\" width=\"220\"><strong>DIAS \u00daTEIS<\/strong><\/td>\n<td style=\"text-align: center;\" colspan=\"2\" width=\"220\"><strong>S\u00c1BADOS<\/strong><\/td>\n<\/tr>\n<tr>\n<td style=\"text-align: center;\" width=\"110\"><strong>RODOVI\u00c1RIA<\/strong><\/td>\n<td style=\"text-align: center;\" width=\"110\"><strong>BAIRRO DA CRUZ<\/strong><\/td>\n<td style=\"text-align: center;\" width=\"110\"><strong>RODOVI\u00c1RIA<\/strong><\/td>\n<td style=\"text-align: center;\" width=\"110\"><strong>BAIRRO DA CRUZ<\/strong><\/td>\n<\/tr>\n<tr>\n<td style=\"text-align: center;\" width=\"110\">\n<p style=\"text-align: center;\">&#8211;<\/p>\n<p style=\"text-align: center;\">07:00<\/p>\n<p style=\"text-align: center;\">08:00<\/p>\n<p style=\"text-align: center;\">09:10 (PREDI\u00c3O)<\/p>\n<p style=\"text-align: center;\">10:00<\/p>\n<p style=\"text-align: center;\">11:00<\/p>\n<p style=\"text-align: center;\">12:00<\/p>\n<p style=\"text-align: center;\">13:00<\/p>\n<p style=\"text-align: center;\">14:00<\/p>\n<p style=\"text-align: center;\">15:00<\/p>\n<p style=\"text-align: center;\">16:00<\/p>\n<p style=\"text-align: center;\">17:00<\/p>\n<p style=\"text-align: center;\">18:00<\/p>\n<p style=\"text-align: center;\">19:00<\/p>\n<\/td>\n<td style=\"text-align: center;\" width=\"110\">\n<p style=\"text-align: center;\">06:20<\/p>\n<p style=\"text-align: center;\">07:20<\/p>\n<p style=\"text-align: center;\">08:20 (VAI AT\u00c9 F\u00d3RUM)<\/p>\n<p style=\"text-align: center;\">09:20<\/p>\n<p style=\"text-align: center;\">10:20<\/p>\n<p style=\"text-align: center;\">11:20<\/p>\n<p style=\"text-align: center;\">12:20<\/p>\n<p style=\"text-align: center;\">13:20<\/p>\n<p style=\"text-align: center;\">14:20<\/p>\n<p style=\"text-align: center;\">15:20<\/p>\n<p style=\"text-align: center;\">16:20<\/p>\n<p style=\"text-align: center;\">17:20<\/p>\n<p style=\"text-align: center;\">18:20<\/p>\n<p style=\"text-align: center;\">19:20<\/p>\n<\/td>\n<td style=\"text-align: center;\" width=\"110\">\n<p style=\"text-align: center;\">07:00<\/p>\n<p style=\"text-align: center;\">08:00<\/p>\n<p style=\"text-align: center;\">09:10 (PREDI\u00c3O)<\/p>\n<p style=\"text-align: center;\">10:00<\/p>\n<p style=\"text-align: center;\">11:00<\/p>\n<p style=\"text-align: center;\">12:00<\/p>\n<p style=\"text-align: center;\">13:00<\/p>\n<p style=\"text-align: center;\">14:10<\/p>\n<p style=\"text-align: center;\">16:10<\/p>\n<p style=\"text-align: center;\">18:10<\/p>\n<\/td>\n<td style=\"text-align: center;\" width=\"110\">\n<p style=\"text-align: center;\">07:20<\/p>\n<p style=\"text-align: center;\">08:20 (VAI AT\u00c9 F\u00d3RUM)<\/p>\n<p style=\"text-align: center;\">09:20<\/p>\n<p style=\"text-align: center;\">10:20<\/p>\n<p style=\"text-align: center;\">11:20<\/p>\n<p style=\"text-align: center;\">12:20<\/p>\n<p style=\"text-align: center;\">13:20<\/p>\n<p style=\"text-align: center;\">14:30<\/p>\n<p style=\"text-align: center;\">16:30<\/p>\n<p style=\"text-align: center;\">18:30<\/p>\n<\/td>\n<\/tr>\n<\/tbody>\n<\/table>\n<p><b><br \/>\nRODOVI\u00c1RIA X PONTE NOVA<br \/>\n<\/b><\/p>\n<table width=\"662\">\n<tbody>\n<tr>\n<td style=\"text-align: center;\" colspan=\"2\" width=\"220\"><strong>DIAS \u00daTEIS<\/strong><\/td>\n<td style=\"text-align: center;\" colspan=\"2\" width=\"220\"><strong>S\u00c1BADOS<\/strong><\/td>\n<\/tr>\n<tr>\n<td style=\"text-align: center;\" width=\"110\"><strong>RODOVI\u00c1RIA<\/strong><\/td>\n<td style=\"text-align: center;\" width=\"110\"><strong>PONTE NOVA<\/strong><\/td>\n<td style=\"text-align: center;\" width=\"110\"><strong>RODOVI\u00c1RIA<\/strong><\/td>\n<td style=\"text-align: center;\" width=\"110\"><strong>PONTE NOVA<\/strong><\/td>\n<\/tr>\n<tr>\n<td style=\"text-align: center;\" width=\"110\">\n<p style=\"text-align: center;\">05:45<\/p>\n<p style=\"text-align: center;\">07:00<\/p>\n<p style=\"text-align: center;\">08:50<\/p>\n<p style=\"text-align: center;\">10:30<\/p>\n<p style=\"text-align: center;\">11:50<\/p>\n<p style=\"text-align: center;\">13:00<\/p>\n<p style=\"text-align: center;\">14:50<\/p>\n<p style=\"text-align: center;\">16:30<\/p>\n<p style=\"text-align: center;\">18:00<\/p>\n<p style=\"text-align: center;\">20:15<\/p>\n<\/td>\n<td style=\"text-align: center;\" width=\"110\">\n<p style=\"text-align: center;\">06:30<\/p>\n<p style=\"text-align: center;\">08:05 (CAMP)<\/p>\n<p style=\"text-align: center;\">09:50<\/p>\n<p style=\"text-align: center;\">11:15<\/p>\n<p style=\"text-align: center;\">12:15<\/p>\n<p style=\"text-align: center;\">14:05 (CAMP)<\/p>\n<p style=\"text-align: center;\">15:45<\/p>\n<p style=\"text-align: center;\">17:15<\/p>\n<p style=\"text-align: center;\">18:50 (CAMP)<\/p>\n<p style=\"text-align: center;\">21:15<\/p>\n<\/td>\n<td style=\"text-align: center;\" width=\"110\">\n<p style=\"text-align: center;\">07:00<\/p>\n<p style=\"text-align: center;\">08:50<\/p>\n<p style=\"text-align: center;\">10:30<\/p>\n<p style=\"text-align: center;\">11:50<\/p>\n<p style=\"text-align: center;\">13:00<\/p>\n<\/td>\n<td style=\"text-align: center;\" width=\"110\">\n<p style=\"text-align: center;\">08:05 (CAMP)<\/p>\n<p style=\"text-align: center;\">09:45<\/p>\n<p style=\"text-align: center;\">11:30<\/p>\n<p style=\"text-align: center;\">12:20<\/p>\n<p style=\"text-align: center;\">14:05 (CAMP)<\/p>\n<\/td>\n<\/tr>\n<\/tbody>\n<\/table>\n<p><b><br \/>\n*Linha da Ponte Nova n\u00e3o passa no Bairro CECAP<br \/>\n<\/b><\/p>\n<p><b><br \/>\nNOVO HORIZONTE X COMERCI\u00c1RIOS<br \/>\n<\/b><\/p>\n<table width=\"662\">\n<tbody>\n<tr>\n<td style=\"text-align: center;\" colspan=\"2\" width=\"220\"><strong>DIAS \u00daTEIS<\/strong><\/td>\n<td style=\"text-align: center;\" colspan=\"2\" width=\"220\"><strong>S\u00c1BADOS<\/strong><\/td>\n<\/tr>\n<tr>\n<td style=\"text-align: center;\" width=\"110\"><strong>N. HORIZONTE<\/strong><\/td>\n<td style=\"text-align: center;\" width=\"110\"><strong>COMERCI\u00c1RIOS<\/strong><\/td>\n<td style=\"text-align: center;\" width=\"110\"><strong>N. HORIZONTE<\/strong><\/td>\n<td style=\"text-align: center;\" width=\"110\"><strong>COMERCI\u00c1RIOS<\/strong><\/td>\n<\/tr>\n<tr>\n<td style=\"text-align: center;\" width=\"110\">\n<p style=\"text-align: center;\">06:15<\/p>\n<p style=\"text-align: center;\">08:15<\/p>\n<p style=\"text-align: center;\">09:45<\/p>\n<p style=\"text-align: center;\">11:30 (USP II)<\/p>\n<p style=\"text-align: center;\">12:30<\/p>\n<p style=\"text-align: center;\">14:15<\/p>\n<p style=\"text-align: center;\">15:45 (SHOPPING X COMERCI\u00c1RIOS)<\/p>\n<p style=\"text-align: center;\">17:30 (USP II). CASTRO<\/p>\n<\/td>\n<td style=\"text-align: center;\" width=\"110\">\n<p style=\"text-align: center;\">07:10 (USP II)<\/p>\n<p style=\"text-align: center;\">08:50<\/p>\n<p style=\"text-align: center;\">10:20<\/p>\n<p style=\"text-align: center;\">11:50<\/p>\n<p style=\"text-align: center;\">13:10 (USP II)<\/p>\n<p style=\"text-align: center;\">14:50<\/p>\n<p style=\"text-align: center;\">16:30<\/p>\n<p style=\"text-align: center;\">18:10<\/p>\n<\/td>\n<td style=\"text-align: center;\" width=\"110\">\n<p style=\"text-align: center;\">07:10<\/p>\n<p style=\"text-align: center;\">08:15<\/p>\n<p style=\"text-align: center;\">09:45<\/p>\n<p style=\"text-align: center;\">11:20<\/p>\n<p style=\"text-align: center;\">12:40<\/p>\n<\/td>\n<td style=\"text-align: center;\" width=\"110\">\n<p style=\"text-align: center;\">&#8211;<\/p>\n<p style=\"text-align: center;\">08:50<\/p>\n<p style=\"text-align: center;\">10:20<\/p>\n<p style=\"text-align: center;\">11:50<\/p>\n<p style=\"text-align: center;\">13:10<\/p>\n<\/td>\n<\/tr>\n<\/tbody>\n<\/table>\n<p><b><br \/>\nPARQUE RODOVIAS X ALDO NASSIF<br \/>\n<\/b><\/p>\n<table width=\"662\">\n<tbody>\n<tr>\n<td style=\"text-align: center;\" colspan=\"2\" width=\"220\"><strong>DIAS \u00daTEIS<\/strong><\/td>\n<td style=\"text-align: center;\" colspan=\"2\" width=\"220\"><strong>S\u00c1BADOS<\/strong><\/td>\n<\/tr>\n<tr>\n<td style=\"text-align: center;\" width=\"110\"><strong>PARQUE RODOVIAS<\/strong><\/td>\n<td style=\"text-align: center;\" width=\"110\"><strong>CECAP\/ ALDO NASSIF<\/strong><\/td>\n<td style=\"text-align: center;\" width=\"110\"><strong>PARQUE RODOVIAS<\/strong><\/td>\n<td style=\"text-align: center;\" width=\"110\"><strong>CECAP\/ ALDO NASSIF<\/strong><\/td>\n<\/tr>\n<tr>\n<td style=\"text-align: center;\" width=\"110\">\n<p style=\"text-align: center;\">06:10<\/p>\n<p style=\"text-align: center;\">06:40<\/p>\n<p style=\"text-align: center;\">07:20 (V. GENY)<\/p>\n<p style=\"text-align: center;\">08:00<\/p>\n<p style=\"text-align: center;\">08:40 (AT\u00c9 O CENTRO)<\/p>\n<p style=\"text-align: center;\">09:20<\/p>\n<p style=\"text-align: center;\">10:00<\/p>\n<p style=\"text-align: center;\">10:40 (AT\u00c9 O CENTRO)<\/p>\n<p style=\"text-align: center;\">11:20 (V. GENY)<\/p>\n<p style=\"text-align: center;\">12:00<\/p>\n<p style=\"text-align: center;\">12:40<\/p>\n<p style=\"text-align: center;\">13:20<\/p>\n<p style=\"text-align: center;\">14:00<\/p>\n<p style=\"text-align: center;\">14:40<\/p>\n<p style=\"text-align: center;\">15:20<\/p>\n<p style=\"text-align: center;\">16:00<\/p>\n<p style=\"text-align: center;\">16:40<\/p>\n<p style=\"text-align: center;\">17:20<\/p>\n<p style=\"text-align: center;\">18:00<\/p>\n<p style=\"text-align: center;\">18:40<\/p>\n<p style=\"text-align: center;\">19:10<\/p>\n<\/td>\n<td style=\"text-align: center;\" width=\"110\">\n<p style=\"text-align: center;\">06:10<\/p>\n<p style=\"text-align: center;\">06:40<\/p>\n<p style=\"text-align: center;\">07:20<\/p>\n<p style=\"text-align: center;\">08:00<\/p>\n<p style=\"text-align: center;\">08:40<\/p>\n<p style=\"text-align: center;\">09:30 (SAI DO CENTRO)<\/p>\n<p style=\"text-align: center;\">10:00<\/p>\n<p style=\"text-align: center;\">10:40<\/p>\n<p style=\"text-align: center;\">11:30 (V. GENY &#8211; SAI DO CENTRO)<\/p>\n<p style=\"text-align: center;\">12:00<\/p>\n<p style=\"text-align: center;\">12:40<\/p>\n<p style=\"text-align: center;\">13:20<\/p>\n<p style=\"text-align: center;\">14:00<\/p>\n<p style=\"text-align: center;\">14:40<\/p>\n<p style=\"text-align: center;\">15:20<\/p>\n<p style=\"text-align: center;\">16:00<\/p>\n<p style=\"text-align: center;\">16:40<\/p>\n<p style=\"text-align: center;\">17:20<\/p>\n<p style=\"text-align: center;\">18:00 (V. GENY)<\/p>\n<p style=\"text-align: center;\">18:40<\/p>\n<p style=\"text-align: center;\">&#8211;<\/p>\n<\/td>\n<td style=\"text-align: center;\" width=\"110\">\n<p style=\"text-align: center;\">07:20 (V. GENY)<\/p>\n<p style=\"text-align: center;\">08:00<\/p>\n<p style=\"text-align: center;\">08:40 (AT\u00c9 O CENTRO)<\/p>\n<p style=\"text-align: center;\">09:20<\/p>\n<p style=\"text-align: center;\">10:00<\/p>\n<p style=\"text-align: center;\">10:40 (AT\u00c9 O CENTRO)<\/p>\n<p style=\"text-align: center;\">11:20 (V. GENY)<\/p>\n<p style=\"text-align: center;\">12:00<\/p>\n<p style=\"text-align: center;\">12:40<\/p>\n<p style=\"text-align: center;\">13:20<\/p>\n<p style=\"text-align: center;\">14:00<\/p>\n<\/td>\n<td style=\"text-align: center;\" width=\"110\">\n<p style=\"text-align: center;\">07:20<\/p>\n<p style=\"text-align: center;\">08:00<\/p>\n<p style=\"text-align: center;\">08:40<\/p>\n<p style=\"text-align: center;\">09:30 (SAI DO CENTRO)<\/p>\n<p style=\"text-align: center;\">10:00<\/p>\n<p style=\"text-align: center;\">10:40<\/p>\n<p style=\"text-align: center;\">11:20 (V. GENY &#8211; SAI DO CENTRO)<\/p>\n<p style=\"text-align: center;\">12:00<\/p>\n<p style=\"text-align: center;\">12:40<\/p>\n<p style=\"text-align: center;\">13:20<\/p>\n<p style=\"text-align: center;\">14:00<\/p>\n<\/td>\n<\/tr>\n<\/tbody>\n<\/table>\n<p><b><br \/>\nUSP<br \/>\n<\/b><\/p>\n<table width=\"662\">\n<tbody>\n<tr>\n<td style=\"text-align: center;\" colspan=\"3\" width=\"220\"><strong>DIAS \u00daTEIS<\/strong><\/td>\n<\/tr>\n<tr>\n<td style=\"text-align: center;\" width=\"110\"><strong>RODOVI\u00c1RIA<\/strong><\/td>\n<td style=\"text-align: center;\" width=\"110\"><strong>TERMINAL<\/strong><\/td>\n<td style=\"text-align: center;\" width=\"110\"><strong>CAMPUS I<\/strong><\/td>\n<\/tr>\n<tr>\n<td style=\"text-align: center;\" width=\"110\">\n<p style=\"text-align: center;\">06:40<\/p>\n<p style=\"text-align: center;\">07:20<\/p>\n<p style=\"text-align: center;\">12:25 (ABC)<\/p>\n<p style=\"text-align: center;\">13:20<\/p>\n<p style=\"text-align: center;\">17:20 (ABC)<\/p>\n<p style=\"text-align: center;\">18:20<\/p>\n<\/td>\n<td style=\"text-align: center;\" width=\"110\">\n<p style=\"text-align: center;\">06:50<\/p>\n<p style=\"text-align: center;\">07:30<\/p>\n<p style=\"text-align: center;\">12:30<\/p>\n<p style=\"text-align: center;\">17:25<\/p>\n<p style=\"text-align: center;\">18:30<\/p>\n<\/td>\n<td style=\"text-align: center;\" width=\"110\">\n<p style=\"text-align: center;\">07:15<\/p>\n<p style=\"text-align: center;\">07:50<\/p>\n<p style=\"text-align: center;\">12:40<\/p>\n<p style=\"text-align: center;\">13:50<\/p>\n<p style=\"text-align: center;\">17:40<\/p>\n<p style=\"text-align: center;\">18:50<\/p>\n<p style=\"text-align: center;\">22:15<\/p>\n<p style=\"text-align: center;\">22:45<\/p>\n<\/td>\n<\/tr>\n<\/tbody>\n<\/table>\n<p><b><br \/>\nCOMERCI\u00c1RIOS X SHOPPING<br \/>\n<\/b><\/p>\n<table width=\"662\">\n<tbody>\n<tr>\n<td style=\"text-align: center;\" colspan=\"2\" width=\"220\"><strong>DIAS \u00daTEIS<\/strong><\/td>\n<td style=\"text-align: center;\" colspan=\"2\" width=\"220\"><strong>S\u00c1BADOS<\/strong><\/td>\n<td style=\"text-align: center;\" colspan=\"2\" width=\"220\"><strong>DOMINGOS E FERIADOS<\/strong><\/td>\n<\/tr>\n<tr>\n<td style=\"text-align: center;\" width=\"110\"><strong>COMERCI\u00c1RIOS<\/strong><\/td>\n<td style=\"text-align: center;\" width=\"110\"><strong>SHOPPING<\/strong><\/td>\n<td style=\"text-align: center;\" width=\"110\"><strong>COMERCI\u00c1RIOS<\/strong><\/td>\n<td style=\"text-align: center;\" width=\"110\"><strong>SHOPPING<\/strong><\/td>\n<td style=\"text-align: center;\" width=\"110\"><strong>COMERCI\u00c1RIOS<\/strong><\/td>\n<td style=\"text-align: center;\" width=\"110\"><strong>SHOPPING<\/strong><\/td>\n<\/tr>\n<tr>\n<td style=\"text-align: center;\" width=\"110\">\n<p style=\"text-align: center;\">06:25<\/p>\n<p style=\"text-align: center;\">08:15<\/p>\n<p style=\"text-align: center;\">09:15<\/p>\n<p style=\"text-align: center;\">10:25<\/p>\n<p style=\"text-align: center;\">11:25<\/p>\n<p style=\"text-align: center;\">12:15<\/p>\n<p style=\"text-align: center;\">13:25<\/p>\n<p style=\"text-align: center;\">14:25<\/p>\n<p style=\"text-align: center;\">15:25<\/p>\n<p style=\"text-align: center;\">16:25<\/p>\n<p style=\"text-align: center;\">17:25<\/p>\n<p style=\"text-align: center;\">18:25<\/p>\n<p style=\"text-align: center;\">19:25<\/p>\n<p style=\"text-align: center;\">20:25<\/p>\n<\/td>\n<td style=\"text-align: center;\" width=\"110\">\n<p style=\"text-align: center;\">06:50<\/p>\n<p style=\"text-align: center;\">09:00 (PISTA)<\/p>\n<p style=\"text-align: center;\">10:00<\/p>\n<p style=\"text-align: center;\">11:00<\/p>\n<p style=\"text-align: center;\">12:00 (PISTA)<\/p>\n<p style=\"text-align: center;\">13:00<\/p>\n<p style=\"text-align: center;\">14:00<\/p>\n<p style=\"text-align: center;\">15:00<\/p>\n<p style=\"text-align: center;\">16:00<\/p>\n<p style=\"text-align: center;\">17:00<\/p>\n<p style=\"text-align: center;\">18:00<\/p>\n<p style=\"text-align: center;\">19:00<\/p>\n<p style=\"text-align: center;\">20:00<\/p>\n<p style=\"text-align: center;\">22:30<\/p>\n<\/td>\n<td style=\"text-align: center;\" width=\"110\">\n<p style=\"text-align: center;\">07:25<\/p>\n<p style=\"text-align: center;\">08:15<\/p>\n<p style=\"text-align: center;\">09:15 (PREDI\u00c3O)<\/p>\n<p style=\"text-align: center;\">10:25<\/p>\n<p style=\"text-align: center;\">11:25<\/p>\n<p style=\"text-align: center;\">12:15<\/p>\n<p style=\"text-align: center;\">13:25<\/p>\n<p style=\"text-align: center;\">14:25<\/p>\n<p style=\"text-align: center;\">RODOVI\u00c1RIA<\/p>\n<p style=\"text-align: center;\">14:10 (B. CRUZ)<\/p>\n<p style=\"text-align: center;\">16:10 (B. CRUZ)<\/p>\n<p style=\"text-align: center;\">&#8211;<\/p>\n<p style=\"text-align: center;\">18:10 (B. CRUZ)<\/p>\n<\/td>\n<td style=\"text-align: center;\" width=\"110\">\n<p style=\"text-align: center;\">08:00<\/p>\n<p style=\"text-align: center;\">09:00 (PISTA)<\/p>\n<p style=\"text-align: center;\">10:00<\/p>\n<p style=\"text-align: center;\">11:00<\/p>\n<p style=\"text-align: center;\">12:00 (PISTA)<\/p>\n<p style=\"text-align: center;\">13:00<\/p>\n<p style=\"text-align: center;\">14:00<\/p>\n<p style=\"text-align: center;\">&#8211;<\/p>\n<p style=\"text-align: center;\">&#8211;<\/p>\n<p style=\"text-align: center;\">14:40<\/p>\n<p style=\"text-align: center;\">16:40<\/p>\n<p style=\"text-align: center;\">17:20<\/p>\n<p style=\"text-align: center;\">18:40<\/p>\n<p style=\"text-align: center;\">22:30<\/p>\n<\/td>\n<td style=\"text-align: center;\" width=\"110\">\n<p style=\"text-align: center;\">12:30<\/p>\n<\/td>\n<td style=\"text-align: center;\" width=\"110\">\n<p style=\"text-align: center;\">&#8211;<\/p>\n<p style=\"text-align: center;\">20:30<\/p>\n<\/td>\n<\/tr>\n<\/tbody>\n<\/table>\n<p><b><br \/>\nHOR\u00c1RIOS QUE PASSAR\u00c3O PELO USP CAMPUS II (PR\u00d3XIMO \u00c0 FUNDA\u00c7\u00c3O CASA)<br \/>\n<\/b><\/p>\n<table width=\"662\">\n<tbody>\n<tr>\n<td style=\"text-align: center;\" colspan=\"1\" width=\"220\"><strong>SAINDO DO COMERCI\u00c1RIOS<\/strong><\/td>\n<td style=\"text-align: center;\" colspan=\"1\" width=\"220\"><strong>SAINDO DO SHOPPING<\/strong><\/td>\n<td style=\"text-align: center;\" colspan=\"1\" width=\"220\"><strong>USP CAMPUS II<\/strong><\/td>\n<\/tr>\n<tr>\n<td style=\"text-align: center;\" width=\"110\">\n<p style=\"text-align: center;\">06:25<\/p>\n<p style=\"text-align: center;\">15:25<\/p>\n<p style=\"text-align: center;\">16:25<\/p>\n<\/td>\n<td style=\"text-align: center;\" width=\"110\">\n<p style=\"text-align: center;\">06:50<\/p>\n<p style=\"text-align: center;\">16:00<\/p>\n<p style=\"text-align: center;\">17:00<\/p>\n<\/td>\n<td style=\"text-align: center;\" width=\"110\">\n<p style=\"text-align: center;\">06:55<\/p>\n<p style=\"text-align: center;\">16:02<\/p>\n<p style=\"text-align: center;\">17:02<\/p>\n<\/td>\n<\/tr>\n<\/tbody>\n<\/table>\n","protected":false},"excerpt":{"rendered":"<p>RODOVI\u00c1RIA X BAIRRO DA CRUZ DIAS \u00daTEIS S\u00c1BADOS RODOVI\u00c1RIA BAIRRO DA CRUZ RODOVI\u00c1RIA BAIRRO DA CRUZ &#8211; 07:00 08:00 09:10 (PREDI\u00c3O) 10:00 11:00 12:00 13:00 14:00 15:00 16:00 17:00 18:00 19:00 06:20 07:20 08:20 (VAI AT\u00c9 F\u00d3RUM) 09:20 10:20 11:20 12:20 13:20 14:20 15:20 16:20 17:20 18:20 19:20 07:00 08:00 09:10 (PREDI\u00c3O) 10:00 11:00 12:00<\/p>\n<div class=\"read-more\"><a href=\"http:\/\/www.lorena.sp.gov.br\/wordpress\/index.php\/horario-de-onibus-lorena-2\/\" title=\"Read More\">Read More<\/a><\/div>\n","protected":false},"author":2,"featured_media":0,"parent":0,"menu_order":0,"comment_status":"closed","ping_status":"open","template":"page-blocks.php","meta":{"footnotes":""},"class_list":["post-21387","page","type-page","status-publish"],"_links":{"self":[{"href":"http:\/\/www.lorena.sp.gov.br\/wordpress\/index.php\/wp-json\/wp\/v2\/pages\/21387"}],"collection":[{"href":"http:\/\/www.lorena.sp.gov.br\/wordpress\/index.php\/wp-json\/wp\/v2\/pages"}],"about":[{"href":"http:\/\/www.lorena.sp.gov.br\/wordpress\/index.php\/wp-json\/wp\/v2\/types\/page"}],"author":[{"embeddable":true,"href":"http:\/\/www.lorena.sp.gov.br\/wordpress\/index.php\/wp-json\/wp\/v2\/users\/2"}],"replies":[{"embeddable":true,"href":"http:\/\/www.lorena.sp.gov.br\/wordpress\/index.php\/wp-json\/wp\/v2\/comments?post=21387"}],"version-history":[{"count":1,"href":"http:\/\/www.lorena.sp.gov.br\/wordpress\/index.php\/wp-json\/wp\/v2\/pages\/21387\/revisions"}],"predecessor-version":[{"id":29590,"href":"http:\/\/www.lorena.sp.gov.br\/wordpress\/index.php\/wp-json\/wp\/v2\/pages\/21387\/revisions\/29590"}],"wp:attachment":[{"href":"http:\/\/www.lorena.sp.gov.br\/wordpress\/index.php\/wp-json\/wp\/v2\/media?parent=21387"}],"curies":[{"name":"wp","href":"https:\/\/api.w.org\/{rel}","templated":true}]}}