{"id":19464,"date":"2015-05-13T17:15:37","date_gmt":"2015-05-13T20:15:37","guid":{"rendered":"http:\/\/www.lorena.sp.gov.br\/?page_id=19464"},"modified":"2015-07-14T14:58:55","modified_gmt":"2015-07-14T17:58:55","slug":"hino-lorena","status":"publish","type":"page","link":"http:\/\/www.lorena.sp.gov.br\/wordpress\/index.php\/hino-lorena\/","title":{"rendered":"Hino (Lorena)"},"content":{"rendered":"<p><strong><span style=\"color: #000000;\">HINO DE LORENA<\/span><\/strong><\/p>\n<p><iframe loading=\"lazy\" width=\"560\" height=\"315\" src=\"https:\/\/www.youtube.com\/embed\/pk1h-iMSAD0\" frameborder=\"0\" allowfullscreen><\/iframe><\/p>\n<p>&nbsp;<\/p>\n<p><span style=\"color: #000000;\">Letra: Francisco Ferreira Leite<\/span><br \/>\n<span style=\"color: #000000;\"> M\u00fasica: Pe. Fausto Santa Catarina<\/span><\/p>\n<p><span style=\"color: #000000;\">Guaypacar\u00e9 das eras coloniais<\/span><br \/>\n<span style=\"color: #000000;\"> Surgida no roteiro das &#8220;bandeiras&#8221;<\/span><br \/>\n<span style=\"color: #000000;\"> Que escalaram sert\u00f5es e cordilheiras<\/span><br \/>\n<span style=\"color: #000000;\"> A demandar as minas cataguases.<\/span><\/p>\n<p><span style=\"color: #000000;\">Do Para\u00edba \u00e0 margem, teus pioneiros<\/span><br \/>\n<span style=\"color: #000000;\"> Erigiram \u00e0 Virgem uma ermida,<\/span><br \/>\n<span style=\"color: #000000;\"> E entre b\u00ean\u00e7\u00e3os a terra protegida<\/span><br \/>\n<span style=\"color: #000000;\"> Na Vila Hepacar\u00e9 fez suas bases.<\/span><\/p>\n<p><span style=\"color: #000000;\">Estribilho<\/span><br \/>\n<span style=\"color: #000000;\"> Oh! Terra das Palmeiras Imperiais,<\/span><br \/>\n<span style=\"color: #000000;\"> Velho ber\u00e7o de Condes e Bar\u00f5es,<\/span><br \/>\n<span style=\"color: #000000;\"> Ningu\u00e9m de ti se esquecer\u00e1 jamais,<\/span><br \/>\n<span style=\"color: #000000;\"> Ao reviver as tuas tradi\u00e7\u00f5es!<\/span><\/p>\n<p><span style=\"color: #000000;\">Do solo teu que o bra\u00e7o escravo arou,<\/span><br \/>\n<span style=\"color: #000000;\"> Brotaram verde-rubros cafezais,<\/span><br \/>\n<span style=\"color: #000000;\"> E pelo Vale, imensos canaviais,<\/span><br \/>\n<span style=\"color: #000000;\"> Do teu progresso ind\u00fastrias se tornaram.<\/span><\/p>\n<p><span style=\"color: #000000;\">Os teus her\u00f3is que a hist\u00f3ria consagrou \u00b7<\/span><br \/>\n<span style=\"color: #000000;\"> Batalharam por nobres ideais,<\/span><br \/>\n<span style=\"color: #000000;\"> Na jornada imortal dos Liberais,<\/span><br \/>\n<span style=\"color: #000000;\"> Intr\u00e9pidos os filhos teus tombaram!<\/span><\/p>\n<p><span style=\"color: #000000;\">Estribilho<\/span><br \/>\n<span style=\"color: #000000;\"> Oh! Terra das Palmeiras Imperiais,<\/span><br \/>\n<span style=\"color: #000000;\"> Velho ber\u00e7o de Condes e Bar\u00f5es,<\/span><br \/>\n<span style=\"color: #000000;\"> Ningu\u00e9m de ti se esquecer\u00e1 jamais,<\/span><br \/>\n<span style=\"color: #000000;\"> Ao reviver as tuas tradi\u00e7\u00f5es!<\/span><br \/>\n<span style=\"color: #000000;\"> \u00a0<\/span><\/p>\n<p><span style=\"color: #000000;\">Do teu passado, rico em tradi\u00e7\u00f5es,<\/span><br \/>\n<span style=\"color: #000000;\"> Cantamos no teu hino toda a gl\u00f3ria,<\/span><br \/>\n<span style=\"color: #000000;\"> Na exalta\u00e7\u00e3o da tua bela hist\u00f3ria,<\/span><\/p>\n<p><span style=\"color: #000000;\">A esta gente brava e varonil.<\/span><br \/>\n<span style=\"color: #000000;\"> E contemplando as tuas gera\u00e7\u00f5es,<\/span><br \/>\n<span style=\"color: #000000;\"> Oh! Lorena de outrora e do presente<\/span><br \/>\n<span style=\"color: #000000;\"> Te confiamos nobre sonho ardente:<\/span><br \/>\n<span style=\"color: #000000;\"> O espl\u00eandido futuro do Brasil<\/span><\/p>\n<p><span style=\"color: #000000;\">Estribilho<\/span><br \/>\n<span style=\"color: #000000;\"> Oh! Terra das Palmeiras Imperiais,<\/span><br \/>\n<span style=\"color: #000000;\"> Velho ber\u00e7o de Condes e Bar\u00f5es,<\/span><br \/>\n<span style=\"color: #000000;\"> Ningu\u00e9m de ti se esquecer\u00e1 jamais,<\/span><br \/>\n<span style=\"color: #000000;\"> Ao reviver as tuas tradi\u00e7\u00f5es!<\/span><\/p>\n","protected":false},"excerpt":{"rendered":"<p>HINO DE LORENA &nbsp; Letra: Francisco Ferreira Leite M\u00fasica: Pe. Fausto Santa Catarina Guaypacar\u00e9 das eras coloniais Surgida no roteiro das &#8220;bandeiras&#8221; Que escalaram sert\u00f5es e cordilheiras A demandar as minas cataguases. Do Para\u00edba \u00e0 margem, teus pioneiros Erigiram \u00e0 Virgem uma ermida, E entre b\u00ean\u00e7\u00e3os a terra protegida Na Vila Hepacar\u00e9 fez suas bases.<\/p>\n<div class=\"read-more\"><a href=\"http:\/\/www.lorena.sp.gov.br\/wordpress\/index.php\/hino-lorena\/\" title=\"Read More\">Read More<\/a><\/div>\n","protected":false},"author":2,"featured_media":0,"parent":0,"menu_order":0,"comment_status":"closed","ping_status":"closed","template":"","meta":{"footnotes":""},"class_list":["post-19464","page","type-page","status-publish"],"_links":{"self":[{"href":"http:\/\/www.lorena.sp.gov.br\/wordpress\/index.php\/wp-json\/wp\/v2\/pages\/19464"}],"collection":[{"href":"http:\/\/www.lorena.sp.gov.br\/wordpress\/index.php\/wp-json\/wp\/v2\/pages"}],"about":[{"href":"http:\/\/www.lorena.sp.gov.br\/wordpress\/index.php\/wp-json\/wp\/v2\/types\/page"}],"author":[{"embeddable":true,"href":"http:\/\/www.lorena.sp.gov.br\/wordpress\/index.php\/wp-json\/wp\/v2\/users\/2"}],"replies":[{"embeddable":true,"href":"http:\/\/www.lorena.sp.gov.br\/wordpress\/index.php\/wp-json\/wp\/v2\/comments?post=19464"}],"version-history":[{"count":0,"href":"http:\/\/www.lorena.sp.gov.br\/wordpress\/index.php\/wp-json\/wp\/v2\/pages\/19464\/revisions"}],"wp:attachment":[{"href":"http:\/\/www.lorena.sp.gov.br\/wordpress\/index.php\/wp-json\/wp\/v2\/media?parent=19464"}],"curies":[{"name":"wp","href":"https:\/\/api.w.org\/{rel}","templated":true}]}}