{"id":12194,"date":"2014-07-25T14:07:40","date_gmt":"2014-07-25T17:07:40","guid":{"rendered":"http:\/\/www.lorena.sp.gov.br\/?page_id=12194"},"modified":"2014-07-25T14:21:37","modified_gmt":"2014-07-25T17:21:37","slug":"empresas-licenciadas","status":"publish","type":"page","link":"http:\/\/www.lorena.sp.gov.br\/wordpress\/index.php\/empresas-licenciadas\/","title":{"rendered":"Empresas Licenciadas"},"content":{"rendered":"<p align=\"center\"><b>Empresas que est\u00e3o sendo licenciadas pela Secretaria de Meio Ambiente no 1\u00ba semestre de 2014.<\/b><\/p>\n<p align=\"left\">\nEmpresa: GR. Ind\u00fastria e Com\u00e9rcio de Papel\u00e3o Ltda<br \/>\nEndere\u00e7o: Rua Par\u00e1, 35 \u2013 Industrial<br \/>\nAtividade: Fabrica\u00e7\u00e3o de artefatos de papel\u00e3o.\n<\/p>\n<p align=\"left\">\nEmpresa: Lorenfilme Ind\u00fastria e Com\u00e9rcio de Embalagens Ltda \u2013 ME<br \/>\nEndere\u00e7o: Av. S\u00e3o Thomaz, 390 \u2013 Vila Hepacar\u00e9<br \/>\nAtividade: Fabrica\u00e7\u00e3o de embalagens de material pl\u00e1stico.\n<\/p>\n<p align=\"left\">\nEmpresa: C.E.D. INDUSTRY- Industria, Com\u00e9rcio e Instala\u00e7\u00f5es Tubulares<br \/>\nEndere\u00e7o: Av. Thom\u00e1z Alves Figueiredo, 380 &#8211; Industrial<br \/>\nAtividade: Fabrica\u00e7\u00e3o de artefatos de Serralheria, exceto esquadrias.\n<\/p>\n<p align=\"left\">\nEmpresa: Betaplast Ind\u00fastria e Com de Pl\u00e1sticos Ltda -EPP<br \/>\nEndere\u00e7o: Alameda Prof. Durvalina Ferraz Coutinho Castro, 88 \u2013 Parque Rodovia<br \/>\nAtividade: Fabrica\u00e7\u00e3o de embalagens de material pl\u00e1stico.\n<\/p>\n<p align=\"left\">\nEmpresa: U.B.L Confec\u00e7\u00f5es Ltda \u2013 ME<br \/>\nEndere\u00e7o: Rua Luiz Guatura, 60 \u2013 Vila Passos<br \/>\nAtividade: Fabrica\u00e7\u00e3o de assess\u00f3rios do vestu\u00e1rio, exceto para seguran\u00e7a e prote\u00e7\u00e3o\n<\/p>\n<p align=\"left\">\nEmpresa: Rosalves Serralheria Ltda \u2013 ME<br \/>\nEndere\u00e7o: Gal. Eduardo Areco, 770 \u2013 Vila Geny<br \/>\nAtividade: Execu\u00e7\u00e3o de esquadrias met\u00e1licas<\/p>\n","protected":false},"excerpt":{"rendered":"<p>Empresas que est\u00e3o sendo licenciadas pela Secretaria de Meio Ambiente no 1\u00ba semestre de 2014. Empresa: GR. Ind\u00fastria e Com\u00e9rcio de Papel\u00e3o Ltda Endere\u00e7o: Rua Par\u00e1, 35 \u2013 Industrial Atividade: Fabrica\u00e7\u00e3o de artefatos de papel\u00e3o. Empresa: Lorenfilme Ind\u00fastria e Com\u00e9rcio de Embalagens Ltda \u2013 ME Endere\u00e7o: Av. S\u00e3o Thomaz, 390 \u2013 Vila Hepacar\u00e9 Atividade: Fabrica\u00e7\u00e3o<\/p>\n<div class=\"read-more\"><a href=\"http:\/\/www.lorena.sp.gov.br\/wordpress\/index.php\/empresas-licenciadas\/\" title=\"Read More\">Read More<\/a><\/div>\n","protected":false},"author":2,"featured_media":0,"parent":0,"menu_order":0,"comment_status":"closed","ping_status":"open","template":"","meta":{"footnotes":""},"class_list":["post-12194","page","type-page","status-publish"],"_links":{"self":[{"href":"http:\/\/www.lorena.sp.gov.br\/wordpress\/index.php\/wp-json\/wp\/v2\/pages\/12194"}],"collection":[{"href":"http:\/\/www.lorena.sp.gov.br\/wordpress\/index.php\/wp-json\/wp\/v2\/pages"}],"about":[{"href":"http:\/\/www.lorena.sp.gov.br\/wordpress\/index.php\/wp-json\/wp\/v2\/types\/page"}],"author":[{"embeddable":true,"href":"http:\/\/www.lorena.sp.gov.br\/wordpress\/index.php\/wp-json\/wp\/v2\/users\/2"}],"replies":[{"embeddable":true,"href":"http:\/\/www.lorena.sp.gov.br\/wordpress\/index.php\/wp-json\/wp\/v2\/comments?post=12194"}],"version-history":[{"count":0,"href":"http:\/\/www.lorena.sp.gov.br\/wordpress\/index.php\/wp-json\/wp\/v2\/pages\/12194\/revisions"}],"wp:attachment":[{"href":"http:\/\/www.lorena.sp.gov.br\/wordpress\/index.php\/wp-json\/wp\/v2\/media?parent=12194"}],"curies":[{"name":"wp","href":"https:\/\/api.w.org\/{rel}","templated":true}]}}